{"id":79,"date":"2024-05-14T23:05:02","date_gmt":"2024-05-14T21:05:02","guid":{"rendered":"https:\/\/zenitadvocats.com\/?page_id=79"},"modified":"2024-05-26T00:16:57","modified_gmt":"2024-05-25T22:16:57","slug":"politica-de-cookies","status":"publish","type":"page","link":"https:\/\/zenitabogados.com\/ca\/politica-de-cookies\/","title":{"rendered":"Pol\u00edtica de cookies"},"content":{"rendered":"<h2><span style=\"font-family: Georgia, Palatino; font-size: 24px;\">Qu\u00e8 s\u00f3n les cookies?<\/span><\/h2>\n<p style=\"font-weight: 400;\"><span style=\"font-family: Georgia, Palatino;\">Una cookie \u00e9s un fitxer que es descarrega en el seu ordinador en accedir a determinades p\u00e0gines web. Les cookies permeten a una p\u00e0gina web, entre altres coses, emmagatzemar i recuperar informaci\u00f3 sobre h\u00e0bits de navegaci\u00f3 d\u2019un usuari o del seu equip i, depenent de la informaci\u00f3 que continguin i de la forma que utilitzi el seu equip, poden utilitzar-se per a recon\u00e8ixer a l\u2019usuari.<\/span><\/p>\n<h2><span style=\"font-family: Georgia, Palatino; font-size: 24px;\">Per a qu\u00e8 utilitza les cookies aquesta p\u00e0gina web i quins s\u00f3n?<\/span><\/h2>\n<p style=\"font-weight: 400;\"><span style=\"font-family: Georgia, Palatino;\">Aquesta p\u00e0gina web utilitza les cookies per a una s\u00e8rie de finalitats, incloses:<\/span><\/p>\n<ul style=\"font-weight: 400;\">\n<li><span style=\"font-family: Georgia, Palatino;\">T\u00e8cnica o necess\u00e0ria: Les cookies necess\u00e0ries ajuden a fer una p\u00e0gina web utilitzable activant funcions b\u00e0siques com la navegaci\u00f3 en la p\u00e0gina i l\u2019acc\u00e9s a \u00e0rees segures de la p\u00e0gina web. Permeten per exemple, controlar el tr\u00e0nsit i la comunicaci\u00f3 de dades, accedir a parts d\u2019acc\u00e9s restringit, utilitzar elements de seguretat, emmagatzemar continguts per a poder difondre v\u00eddeos o compartir continguts a trav\u00e9s de xarxes socials. La p\u00e0gina web no pot funcionar adequadament sense aquestes cookies.<\/span><\/li>\n<\/ul>\n<p style=\"font-weight: 400;\"><span style=\"font-family: Georgia, Palatino;\">El detall de les cookies utilitzades en aquesta p\u00e0gina web \u00e9s el seg\u00fcent:<\/span><\/p>\n<table style=\"font-weight: 400;\" width=\"606\">\n<tbody>\n<tr>\n<td width=\"111\"><span style=\"font-family: Georgia, Palatino;\"><strong>Cookies<\/strong><\/span><\/td>\n<td width=\"62\"><span style=\"font-family: Georgia, Palatino;\"><strong>Nom<\/strong><\/span><\/td>\n<td width=\"33\"><span style=\"font-family: Georgia, Palatino;\"><strong>Tipus<\/strong><\/span><\/td>\n<td width=\"203\"><span style=\"font-family: Georgia, Palatino;\"><strong>Prop\u00f2sit<\/strong><\/span><\/td>\n<td width=\"125\"><span style=\"font-family: Georgia, Palatino;\"><strong>M\u00e9s informaci\u00f3<\/strong><\/span><\/td>\n<\/tr>\n<tr>\n<td width=\"111\"><span style=\"font-family: Georgia, Palatino;\">_ASP.NET_SessionId _SuasorAuth<\/span><\/td>\n<td width=\"62\"><span style=\"font-family: Georgia, Palatino;\">T\u00e8cnica gestingral.com<\/span><\/td>\n<td width=\"33\"><span style=\"font-family: Georgia, Palatino;\">Pr\u00f2pia<\/span><\/td>\n<td width=\"203\"><span style=\"font-family: Georgia, Palatino;\">Autenticaci\u00f3 d\u2019usuaris.<\/span><\/td>\n<td width=\"125\"><span style=\"font-family: Georgia, Palatino;\">En la pr\u00f2pia p\u00e0gina web.<\/span><\/td>\n<\/tr>\n<tr>\n<td width=\"111\"><span style=\"font-family: Georgia, Palatino;\">privacy_embeds<\/span><\/td>\n<td width=\"62\"><span style=\"font-family: Georgia, Palatino;\">T\u00e8cnica gestingral.com<\/span><\/td>\n<td width=\"33\"><span style=\"font-family: Georgia, Palatino;\">Pr\u00f2pia<\/span><\/td>\n<td width=\"203\"><span style=\"font-family: Georgia, Palatino;\">Cookies d\u2019\u00fas intern necess\u00e0ria per al funcionament de la visualitzaci\u00f3 de la pol\u00edtica de cookies de la web.<\/span><\/td>\n<td width=\"125\"><span style=\"font-family: Georgia, Palatino;\">En la pr\u00f2pia p\u00e0gina web.<\/span><\/td>\n<\/tr>\n<\/tbody>\n<\/table>\n<p style=\"font-weight: 400;\"><span style=\"font-family: Georgia, Palatino;\">Nota: Les cookies de tipus \u2018Pr\u00f2pies\u2019 s\u00f3n utilitzades nom\u00e9s pel propietari d\u2019aquesta web.<\/span><\/p>\n<h2><span style=\"font-family: Georgia, Palatino; font-size: 24px;\">Com puc desactivar o eliminar aquestes cookies?<\/span><\/h2>\n<p style=\"font-weight: 400;\"><span style=\"font-family: Georgia, Palatino;\">Pot vost\u00e8 permetre, bloquejar o eliminar les cookies instal\u00b7lades en el seu equip mitjan\u00e7ant la configuraci\u00f3 de les opcions del navegador instal\u00b7lat en el seu ordinador:<\/span><\/p>\n<p style=\"font-weight: 400;\"><span style=\"font-family: Georgia, Palatino;\"><strong>Firefox<\/strong><\/span><\/p>\n<p style=\"font-weight: 400;\"><span style=\"font-family: Georgia, Palatino;\"><a href=\"http:\/\/support.mozilla.org\/es\/kb\/habilitar-y-deshabilitar-cookies-que-los-sitios-we\" target=\"_blank\" rel=\"noopener\">http:\/\/support.mozilla.org\/es\/kb\/habilitar-y-deshabilitar-cookies-que-los-sitios-we<\/a><\/span><\/p>\n<p style=\"font-weight: 400;\"><span style=\"font-family: Georgia, Palatino;\"><strong>Chrome<\/strong><\/span><\/p>\n<p style=\"font-weight: 400;\"><span style=\"font-family: Georgia, Palatino;\"><a href=\"http:\/\/support.google.com\/chrome\/bin\/answer.py?hl=es&amp;answer=95647\" target=\"_blank\" rel=\"noopener\">http:\/\/support.google.com\/chrome\/bin\/answer.py?hl=es&amp;answer=95647<\/a><\/span><\/p>\n<p style=\"font-weight: 400;\"><span style=\"font-family: Georgia, Palatino;\"><strong>Explorer<\/strong><\/span><\/p>\n<p style=\"font-weight: 400;\"><span style=\"font-family: Georgia, Palatino;\"><a href=\"http:\/\/windows.microsoft.com\/es-es\/windows7\/how-to-manage-cookies-in-internet-explorer-9\" target=\"_blank\" rel=\"noopener\">http:\/\/windows.microsoft.com\/es-es\/windows7\/how-to-manage-cookies-in-internet-explorer-9<\/a><\/span><\/p>\n<p style=\"font-weight: 400;\"><span style=\"font-family: Georgia, Palatino;\"><strong>Safari<\/strong><\/span><\/p>\n<p style=\"font-weight: 400;\"><span style=\"font-family: Georgia, Palatino;\"><a href=\"http:\/\/support.apple.com\/kb\/ph5042\" target=\"_blank\" rel=\"noopener\">http:\/\/support.apple.com\/kb\/ph5042<\/a><\/span><\/p>\n<p style=\"font-weight: 400;\"><span style=\"font-family: Georgia, Palatino;\"><strong>Opera<\/strong><\/span><\/p>\n<p style=\"font-weight: 400;\"><span style=\"font-family: Georgia, Palatino;\"><a href=\"http:\/\/help.opera.com\/Windows\/11.50\/es-ES\/cookies.html\" target=\"_blank\" rel=\"noopener\">http:\/\/help.opera.com\/Windows\/11.50\/es-ES\/cookies.html<\/a><\/span><\/p>\n<p style=\"font-weight: 400;\"><span style=\"font-family: Georgia, Palatino;\"><strong>Altres navegadors<\/strong><\/span><\/p>\n<p style=\"font-weight: 400;\"><span style=\"font-family: Georgia, Palatino;\">Consulti la documentaci\u00f3 del navegador que tingui instal\u00b7lat.<\/span><\/p>\n<p style=\"font-weight: 400;\"><span style=\"font-family: Georgia, Palatino;\"><strong>Complement d\u2019inhabilitaci\u00f3 per a navegadors de Google Analytics<\/strong><\/span><\/p>\n<p style=\"font-weight: 400;\"><span style=\"font-family: Georgia, Palatino;\">Si desitja rebutjar les cookies anal\u00edtiques de Google Analytics en tots els navegadors, de manera que no s\u2019envi\u00ef informaci\u00f3 seva a Google Analytics, pot descarregar un complement que realitza aquesta funci\u00f3 des d\u2019aquest enlla\u00e7:\u00a0<a href=\"https:\/\/tools.google.com\/dlpage\/gaoptout\" target=\"_blank\" rel=\"noopener\">https:\/\/tools.google.com\/dlpage\/gaoptout<\/a>.<\/span><\/p>\n","protected":false},"excerpt":{"rendered":"<p>Qu\u00e8 s\u00f3n les cookies? Una cookie \u00e9s un fitxer que es descarrega en el seu ordinador en accedir a determinades [&hellip;]<\/p>\n","protected":false},"author":1,"featured_media":0,"parent":0,"menu_order":0,"comment_status":"closed","ping_status":"closed","template":"","meta":{"site-sidebar-layout":"default","site-content-layout":"","ast-site-content-layout":"default","site-content-style":"default","site-sidebar-style":"default","ast-global-header-display":"","ast-banner-title-visibility":"","ast-main-header-display":"","ast-hfb-above-header-display":"","ast-hfb-below-header-display":"","ast-hfb-mobile-header-display":"","site-post-title":"","ast-breadcrumbs-content":"","ast-featured-img":"","footer-sml-layout":"","theme-transparent-header-meta":"default","adv-header-id-meta":"","stick-header-meta":"default","header-above-stick-meta":"","header-main-stick-meta":"","header-below-stick-meta":"","astra-migrate-meta-layouts":"set","ast-page-background-enabled":"default","ast-page-background-meta":{"desktop":{"background-color":"var(--ast-global-color-4)","background-image":"","background-repeat":"repeat","background-position":"center center","background-size":"auto","background-attachment":"scroll","background-type":"","background-media":"","overlay-type":"","overlay-color":"","overlay-opacity":"","overlay-gradient":""},"tablet":{"background-color":"","background-image":"","background-repeat":"repeat","background-position":"center center","background-size":"auto","background-attachment":"scroll","background-type":"","background-media":"","overlay-type":"","overlay-color":"","overlay-opacity":"","overlay-gradient":""},"mobile":{"background-color":"","background-image":"","background-repeat":"repeat","background-position":"center center","background-size":"auto","background-attachment":"scroll","background-type":"","background-media":"","overlay-type":"","overlay-color":"","overlay-opacity":"","overlay-gradient":""}},"ast-content-background-meta":{"desktop":{"background-color":"var(--ast-global-color-5)","background-image":"","background-repeat":"repeat","background-position":"center center","background-size":"auto","background-attachment":"scroll","background-type":"","background-media":"","overlay-type":"","overlay-color":"","overlay-opacity":"","overlay-gradient":""},"tablet":{"background-color":"var(--ast-global-color-5)","background-image":"","background-repeat":"repeat","background-position":"center center","background-size":"auto","background-attachment":"scroll","background-type":"","background-media":"","overlay-type":"","overlay-color":"","overlay-opacity":"","overlay-gradient":""},"mobile":{"background-color":"var(--ast-global-color-5)","background-image":"","background-repeat":"repeat","background-position":"center center","background-size":"auto","background-attachment":"scroll","background-type":"","background-media":"","overlay-type":"","overlay-color":"","overlay-opacity":"","overlay-gradient":""}},"footnotes":""},"class_list":["post-79","page","type-page","status-publish","hentry"],"_links":{"self":[{"href":"https:\/\/zenitabogados.com\/ca\/wp-json\/wp\/v2\/pages\/79","targetHints":{"allow":["GET"]}}],"collection":[{"href":"https:\/\/zenitabogados.com\/ca\/wp-json\/wp\/v2\/pages"}],"about":[{"href":"https:\/\/zenitabogados.com\/ca\/wp-json\/wp\/v2\/types\/page"}],"author":[{"embeddable":true,"href":"https:\/\/zenitabogados.com\/ca\/wp-json\/wp\/v2\/users\/1"}],"replies":[{"embeddable":true,"href":"https:\/\/zenitabogados.com\/ca\/wp-json\/wp\/v2\/comments?post=79"}],"version-history":[{"count":5,"href":"https:\/\/zenitabogados.com\/ca\/wp-json\/wp\/v2\/pages\/79\/revisions"}],"predecessor-version":[{"id":610,"href":"https:\/\/zenitabogados.com\/ca\/wp-json\/wp\/v2\/pages\/79\/revisions\/610"}],"wp:attachment":[{"href":"https:\/\/zenitabogados.com\/ca\/wp-json\/wp\/v2\/media?parent=79"}],"curies":[{"name":"wp","href":"https:\/\/api.w.org\/{rel}","templated":true}]}}